{"id":2729,"date":"2024-07-25T07:30:49","date_gmt":"2024-07-25T06:30:49","guid":{"rendered":"https:\/\/mvision.store\/?post_type=product&#038;p=2729"},"modified":"2026-01-30T12:43:46","modified_gmt":"2026-01-30T12:43:46","slug":"cp-swk-tv22-wi-fi-kit","status":"publish","type":"product","link":"https:\/\/mvision.store\/index.php\/product\/cp-swk-tv22-wi-fi-kit\/","title":{"rendered":"CP-SWK-TV22 Wi-Fi Kit"},"content":{"rendered":"<table class=\"table table-product table-striped\">\n<tbody>\n<tr>\n<td><strong>Image Sensor<\/strong><\/td>\n<td>1\/2.7 Full HD CMOS Sensor (6.858 centimeters)<\/td>\n<\/tr>\n<tr>\n<td><strong>Resolution<\/strong><\/td>\n<td>2MP<\/td>\n<\/tr>\n<tr>\n<td><strong>Operating System<\/strong><\/td>\n<td>Embedded LINUX<\/td>\n<\/tr>\n<tr>\n<td><strong>Effective Pixels<\/strong><\/td>\n<td>1920(H) x 1080(V)<\/td>\n<\/tr>\n<tr>\n<td><strong>Processor<\/strong><\/td>\n<td>Quad-core Processor<\/td>\n<\/tr>\n<tr>\n<td><strong>S\/N Ratio<\/strong><\/td>\n<td>\u226552dB<\/td>\n<\/tr>\n<tr>\n<td><strong>Lens<\/strong><\/td>\n<td>3.6mm<\/td>\n<\/tr>\n<tr>\n<td><strong>Shutter Speed<\/strong><\/td>\n<td>Auto: PAL 1\/25-1\/10000Sec; NTSC 1\/25-1\/10000Sec<\/td>\n<\/tr>\n<tr>\n<td><strong>Gain Control (AGC)<\/strong><\/td>\n<td>Auto<\/td>\n<\/tr>\n<tr>\n<td><strong>Frame Rate<\/strong><\/td>\n<td>Main Stream: 1920&#215;1080@1-15fps(default resolution:1920&#215;1080\/frame rate:15fps\/bit rate:1Mbps), Sub Stream: 720&#215;480@1-15fps(default frame rate:15fps\/bit rate:0.5Mbps)<\/td>\n<\/tr>\n<tr>\n<td><strong>IR<\/strong><\/td>\n<td>Array Range of 25Mtr. For Bullet Camera, Array Range of 20Mtr. For Vandal Dome Camera<\/td>\n<\/tr>\n<tr>\n<td><strong>ICR<\/strong><\/td>\n<td>Color\/ B&amp;W (IR-CUT )<\/td>\n<\/tr>\n<tr>\n<td><strong>Image Setting<\/strong><\/td>\n<td>Saturation\/Brightness\/Contrast \/Sharpness, Mirror, White Balance, FLK (Flicker Control)<\/td>\n<\/tr>\n<tr>\n<td><strong>Power Source<\/strong><\/td>\n<td>DC12V\u00b110%, 500mA &#8211; Camera, DC12V\/2A &#8211; NVR<\/td>\n<\/tr>\n<tr>\n<td><strong>Video Streaming<\/strong><\/td>\n<td>PAL: 5MP@9\u00d725fps,4MP@9x25fps,3MP@9\u00d725fps,1080P@9\u00d725fps, 960P@9\u00d725fps,720P@9\u00d725fps, D1@9\u00d725fps ; NTSC: 5MP@9\u00d730fps,4MP@9\u00d730fps,3MP@9\u00d730fps,1080P@9\u00d730fps, 960P@9\u00d730fps, 720P@9\u00d730fps, D1@9\u00d730fps<\/td>\n<\/tr>\n<tr>\n<td><strong>Back Light Compensation<\/strong><\/td>\n<td>Auto\/ WDR<\/td>\n<\/tr>\n<tr>\n<td><strong>White Balance<\/strong><\/td>\n<td>Auto<\/td>\n<\/tr>\n<tr>\n<td><strong>Audio Compression<\/strong><\/td>\n<td>G711u, G711a, G726<\/td>\n<\/tr>\n<tr>\n<td><strong>Audio Output<\/strong><\/td>\n<td>1 Port RCA (Linear, 1k\u03a9)<\/td>\n<\/tr>\n<tr>\n<td><strong>Video Compression<\/strong><\/td>\n<td>H.265+\/H.265\/H.264+\/H.264<\/td>\n<\/tr>\n<tr>\n<td><strong>Wireless Antena<\/strong><\/td>\n<td>3dbi<\/td>\n<\/tr>\n<tr>\n<td><strong>Wi-Fi Range<\/strong><\/td>\n<td>No obstacles 30m Max &#8211; Camera, Support, Wi-Fi Range: No Obstacles 30m Max &#8211; NVR<\/td>\n<\/tr>\n<tr>\n<td><strong>Casing<\/strong><\/td>\n<td>Metal<\/td>\n<\/tr>\n<tr>\n<td><strong>Ethernet<\/strong><\/td>\n<td>1 RJ45 10M\/100M Adaptive Ethernet Interface<\/td>\n<\/tr>\n<tr>\n<td><strong>Smart Phone<\/strong><\/td>\n<td>iPhone, iPad, Android Phone<\/td>\n<\/tr>\n<tr>\n<td><strong>Weatherproof Standard<\/strong><\/td>\n<td>IP66<\/td>\n<\/tr>\n<tr>\n<td><strong>Interface Ports<\/strong><\/td>\n<td>1 USB 2.0 Interfaces<\/td>\n<\/tr>\n<tr>\n<td><strong>Motion Detection<\/strong><\/td>\n<td>Support<\/td>\n<\/tr>\n<tr>\n<td><strong>Playback<\/strong><\/td>\n<td>Play, Pause, Stop, Fast Play, Digital Zoom<\/td>\n<\/tr>\n<tr>\n<td><strong>Protocols<\/strong><\/td>\n<td>TCP\/CP, HTTP, UPnP, DNS, NTP, SMTP, DHCP, FTP, DDNS, RTP, RTSP, RTCP, P2P &#8211; (NVR)<\/td>\n<\/tr>\n<tr>\n<td><strong>Recording Mode<\/strong><\/td>\n<td>Manual\\Timer\\Motion Detection<\/td>\n<\/tr>\n<tr>\n<td><strong>Search Mode<\/strong><\/td>\n<td>Manual, Time, Date, Motion Detection<\/td>\n<\/tr>\n<tr>\n<td><strong>Video Output<\/strong><\/td>\n<td>1 VGA, 1 HDMI<\/td>\n<\/tr>\n<tr>\n<td><strong>Hard Disk<\/strong><\/td>\n<td>1 SATA upto 8TB Hard Disk Interface (3.5<\/td>\n<\/tr>\n<tr>\n<td><strong>Dimension<\/strong><\/td>\n<td>157(W) x 70(H) x 66(D)mm- Camera, 260 x 215 x 43(mm) &#8211; NVR<\/td>\n<\/tr>\n<tr>\n<td><strong>Weight<\/strong><\/td>\n<td>650g &#8211; Camera , 2.0KG (without HDD) &#8211; NVR<\/td>\n<\/tr>\n<tr>\n<td><strong>Working Humidity<\/strong><\/td>\n<td>-10~55\u00b0C\/10~90%<\/td>\n<\/tr>\n<tr>\n<td><strong>Operating Temperature<\/strong><\/td>\n<td>-10\u00b0C~ +50\u00b0C RH95% Max RH95% Max<\/td>\n<\/tr>\n<tr>\n<td><strong>Storage Temperature<\/strong><\/td>\n<td>-20\u00b0C~ +60\u00b0C RH95% Max RH95% Max<\/td>\n<\/tr>\n<\/tbody>\n<\/table>\n","protected":false},"excerpt":{"rendered":"<ul class=\"product-info-list\">\n<li>9 Ch Wi-Fi NVR<\/li>\n<li><i class=\"fa fa-circle\"><\/i>H.265+\/H.265\/H.264+\/H.264 Video Compression<\/li>\n<li><i class=\"fa fa-circle\"><\/i>5MP IPC support<\/li>\n<li><i class=\"fa fa-circle\"><\/i>Support Wi-Fi upto 30m (without obstacle)<\/li>\n<li><i class=\"fa fa-circle\"><\/i>1 SATA Hard Disk up to 8TB, 1 USB Ports<\/li>\n<li><i class=\"fa fa-circle\"><\/i>1\/2.7&#8243; Full HD CMOS Camera Sensor (6.858 centimeters)<\/li>\n<li><i class=\"fa fa-circle\"><\/i>Max. 2MP@1-15fps<\/li>\n<li><i class=\"fa fa-circle\"><\/i>3.6mm Fixed Camera Lens<\/li>\n<li><i class=\"fa fa-circle\"><\/i>WDR, Defog, Day\/Night (ICR), BLC<\/li>\n<\/ul>\n","protected":false},"featured_media":2730,"template":"","meta":[],"product_cat":[76,84],"product_tag":[],"_links":{"self":[{"href":"https:\/\/mvision.store\/index.php\/wp-json\/wp\/v2\/product\/2729"}],"collection":[{"href":"https:\/\/mvision.store\/index.php\/wp-json\/wp\/v2\/product"}],"about":[{"href":"https:\/\/mvision.store\/index.php\/wp-json\/wp\/v2\/types\/product"}],"wp:featuredmedia":[{"embeddable":true,"href":"https:\/\/mvision.store\/index.php\/wp-json\/wp\/v2\/media\/2730"}],"wp:attachment":[{"href":"https:\/\/mvision.store\/index.php\/wp-json\/wp\/v2\/media?parent=2729"}],"wp:term":[{"taxonomy":"product_cat","embeddable":true,"href":"https:\/\/mvision.store\/index.php\/wp-json\/wp\/v2\/product_cat?post=2729"},{"taxonomy":"product_tag","embeddable":true,"href":"https:\/\/mvision.store\/index.php\/wp-json\/wp\/v2\/product_tag?post=2729"}],"curies":[{"name":"wp","href":"https:\/\/api.w.org\/{rel}","templated":true}]}}