{"id":2785,"date":"2024-07-30T07:13:07","date_gmt":"2024-07-30T06:13:07","guid":{"rendered":"https:\/\/mvision.store\/?post_type=product&#038;p=2785"},"modified":"2026-01-20T06:22:35","modified_gmt":"2026-01-20T06:22:35","slug":"cp-unc-ta81l3c-8mp-ir-network-bullet-camera-30mtr","status":"publish","type":"product","link":"https:\/\/mvision.store\/index.php\/product\/cp-unc-ta81l3c-8mp-ir-network-bullet-camera-30mtr\/","title":{"rendered":"CP-UNC-TA81L3C 8MP IR Network Bullet Camera &#8211; 30Mtr."},"content":{"rendered":"<table class=\"table table-product table-striped\">\n<tbody>\n<tr>\n<td><strong>Image Sensor<\/strong><\/td>\n<td>1\/2.7\u201d 8MP Progressive scan CMOS (0.9407 centimetres)<\/td>\n<\/tr>\n<tr>\n<td><strong>Minimum Illumination<\/strong><\/td>\n<td>0.04 Lux@F2.0 (Color, 30 IRE) 0.004 Lux@F2.0 (B\/W, 30 IRE) 0 Lux (IR on)<\/td>\n<\/tr>\n<tr>\n<td><strong>Effective Pixels<\/strong><\/td>\n<td>3840 (H) x 2160 (V)<\/td>\n<\/tr>\n<tr>\n<td><strong>BodyType<\/strong><\/td>\n<td>Bullet<\/td>\n<\/tr>\n<tr>\n<td><strong>White Balance<\/strong><\/td>\n<td>Auto\/natural\/street lamp\/outdoor\/manual\/regional custom<\/td>\n<\/tr>\n<tr>\n<td><strong>Lens<\/strong><\/td>\n<td>3.6mm (2.8mm Optional)<\/td>\n<\/tr>\n<tr>\n<td><strong>Iris<\/strong><\/td>\n<td>Fixed<\/td>\n<\/tr>\n<tr>\n<td><strong>Close Focus Distance<\/strong><\/td>\n<td>2.8mm: 1.0m ; 3.6mm: 1.9m<\/td>\n<\/tr>\n<tr>\n<td><strong>S\/N Ratio<\/strong><\/td>\n<td>&gt;56dB<\/td>\n<\/tr>\n<tr>\n<td><strong>Gain Control (AGC)<\/strong><\/td>\n<td>Auto\/Manual<\/td>\n<\/tr>\n<tr>\n<td><strong>Shutter Speed<\/strong><\/td>\n<td>Auto\/Manual, 1\/3~1\/100000s<\/td>\n<\/tr>\n<tr>\n<td><strong>Video Compression<\/strong><\/td>\n<td>Instastream\/H.265\/Smart H.264+\/H.264\/H.264B\/MJPEG (only supported by the sub stream)<\/td>\n<\/tr>\n<tr>\n<td><strong>Max Aperture<\/strong><\/td>\n<td>F2.0<\/td>\n<\/tr>\n<tr>\n<td><strong>Angle of View<\/strong><\/td>\n<td>3.6mm: Horizontal: 87\u00b0; Vertical: 47\u00b0; Diagonal: 104\u00b0 2.8mm: Horizontal: 105\u00b0; Vertical: 56\u00b0; Diagonal: 125\u00b0<\/td>\n<\/tr>\n<tr>\n<td><strong>Lens Type<\/strong><\/td>\n<td>Fixed-focal<\/td>\n<\/tr>\n<tr>\n<td><strong>Back Light Comp.<\/strong><\/td>\n<td>BLC\/ HLC\/ DWDR<\/td>\n<\/tr>\n<tr>\n<td><strong>Frame Rate<\/strong><\/td>\n<td>Main stream: 3840 \u00d7 2160 (1 fps\u201315 fps) 2688 \u00d7 1520 (1 fps\u201325\/30 fps) Sub stream: 704 \u00d7 576 (1 fps\u201325 fps) 704 \u00d7 480 (1 fps\u201330 fps) *The values above are the max. frame rates of each stream; for multiple streams, the values will be subjected to the total encoding capacity.<\/td>\n<\/tr>\n<tr>\n<td><strong>DORI Distance<\/strong><\/td>\n<td>3.6mm\u2013 106.7m (Detect) 42.7m (Observe) 21.3m (Recognize) 10.7m (Identify) 2.8mm\u2013 74.7m (Detect) 29.9m (Observe) 14.9m (Recognize) 7.5m (Identify)<\/td>\n<\/tr>\n<tr>\n<td><strong>Resolution<\/strong><\/td>\n<td>3840 \u00d7 2160 (3840 \u00d7 2160); 3072 \u00d7 2048 (3072 \u00d7 2048); 3072 \u00d71728 (3072 \u00d7 1728); 2592 \u00d7 1944 (2592 \u00d7 1944); 2688 \u00d7 1520 (2688 \u00d7 1520); 3M (2048 \u00d7 1536); 2304 \u00d7 1296 (2304 \u00d7 1296); 1080p (1920 \u00d7 1080); 1.3M (1280 \u00d7 960); 720p (1280 \u00d7 720); D1 (704 \u00d7 576\/704 \u00d7 480); VGA (640 \u00d7 480); CIF (352 \u00d7 288\/352 \u00d7 240)<\/td>\n<\/tr>\n<tr>\n<td><strong>Motion Detection<\/strong><\/td>\n<td>OFF\/ON (4 areas, rectangular)<\/td>\n<\/tr>\n<tr>\n<td><strong>Privacy Mask<\/strong><\/td>\n<td>4 areas<\/td>\n<\/tr>\n<tr>\n<td><strong>ICR<\/strong><\/td>\n<td>Auto(ICR)\/Color\/B\/W<\/td>\n<\/tr>\n<tr>\n<td><strong>ROI<\/strong><\/td>\n<td>Yes (4 areas)<\/td>\n<\/tr>\n<tr>\n<td><strong>Bit Rate<\/strong><\/td>\n<td>H.264: 32 Kbps\u20138192 Kbps ; H.265: 12 Kbps\u20138192 Kbps<\/td>\n<\/tr>\n<tr>\n<td><strong>Audio<\/strong><\/td>\n<td>Built-in Mic<\/td>\n<\/tr>\n<tr>\n<td><strong>Audio Compression<\/strong><\/td>\n<td>G.711A; G.711Mu; G.726; PCM<\/td>\n<\/tr>\n<tr>\n<td><strong>Cyber Security<\/strong><\/td>\n<td>Video encryption; configuration encryption; Digest; WSSE; account lockout; security logs; generation and importing of X.509 certification; HTTPS; trusted boot; trusted execution; trusted upgrade<\/td>\n<\/tr>\n<tr>\n<td><strong>Protocol<\/strong><\/td>\n<td>IPv4; IPv6; HTTP; TCP; UDP; ARP; RTP; RTSP; SMTP; FTP; DHCP; DNS; NTP; Multicast, ONVIF (Profile S\/Profile T); CGI; InstaOn; Genetec; Milestone<\/td>\n<\/tr>\n<tr>\n<td><strong>SDK and API<\/strong><\/td>\n<td>Yes<\/td>\n<\/tr>\n<tr>\n<td><strong>Alarm Event<\/strong><\/td>\n<td>Network disconnection; IP conflict; illegal access; motion detection; video tampering; audio detection; security exception<\/td>\n<\/tr>\n<tr>\n<td><strong>Ethernet<\/strong><\/td>\n<td>RJ-45 (10\/100Base-T)<\/td>\n<\/tr>\n<tr>\n<td><strong>User Account<\/strong><\/td>\n<td>6 (Total bandwidth: 48 M)<\/td>\n<\/tr>\n<tr>\n<td><strong>Smart Phone<\/strong><\/td>\n<td>iPhone, iPad, Android Phone<\/td>\n<\/tr>\n<tr>\n<td><strong>IR Range<\/strong><\/td>\n<td>IR Range of 30 Mtr., Smart IR<\/td>\n<\/tr>\n<tr>\n<td><strong>Operating Temperature<\/strong><\/td>\n<td>-40\u00b0 C ~ +60\u00b0 C (-40\u00b0 F ~ +140\u00b0 F) \/ Less than &lt;95% RH<\/td>\n<\/tr>\n<tr>\n<td><strong>Power Source<\/strong><\/td>\n<td>DC12V, PoE (802.3af)<\/td>\n<\/tr>\n<tr>\n<td><strong>Power Consumption<\/strong><\/td>\n<td>2.4W (12V DC); 2.9W (PoE)<\/td>\n<\/tr>\n<tr>\n<td><strong>Weatherproof Standard<\/strong><\/td>\n<td>IP67<\/td>\n<\/tr>\n<tr>\n<td><strong>Dimension<\/strong><\/td>\n<td>162.1 mm \u00d7 \u03a670.1 mm<\/td>\n<\/tr>\n<tr>\n<td><strong>Casing<\/strong><\/td>\n<td>Metal<\/td>\n<\/tr>\n<tr>\n<td><strong>Weight<\/strong><\/td>\n<td>0.32 kg<\/td>\n<\/tr>\n<\/tbody>\n<\/table>\n","protected":false},"excerpt":{"rendered":"<ul class=\"product-info-list\">\n<li>1\/2.7\u201d 8MP PS CMOS Image Sensor (0.9407 centimetres)<\/li>\n<li><i class=\"fa fa-circle\"><\/i>Max. 8MP (3840 \u00d7 2160)@15fps and supports (2688 \u00d7 1520) @25\/30fps<\/li>\n<li><i class=\"fa fa-circle\"><\/i>Instastream and Smart H.264+ dual-stream encoding<\/li>\n<li><i class=\"fa fa-circle\"><\/i>DWDR, Day\/Night(ICR), 3D-DNR, ROI, AWB, AGC, BLC, HLC<\/li>\n<li><i class=\"fa fa-circle\"><\/i>3.6mm lens (2.8mm optional)<\/li>\n<li><i class=\"fa fa-circle\"><\/i>IR Range of 30 Mtrs, IP67, PoE<\/li>\n<li><i class=\"fa fa-circle\"><\/i>Support Built-in Mic<\/li>\n<li><i class=\"fa fa-circle\"><\/i>Mobile Software: iCMOB, gCMOB<\/li>\n<li><i class=\"fa fa-circle\"><\/i>CMS Software: KVMS Pro<\/li>\n<li><i class=\"fa fa-circle\"><\/i>*Only for Middle East\/ Africa\/ EU Region<\/li>\n<\/ul>\n","protected":false},"featured_media":2786,"template":"","meta":[],"product_cat":[26,76,84],"product_tag":[],"_links":{"self":[{"href":"https:\/\/mvision.store\/index.php\/wp-json\/wp\/v2\/product\/2785"}],"collection":[{"href":"https:\/\/mvision.store\/index.php\/wp-json\/wp\/v2\/product"}],"about":[{"href":"https:\/\/mvision.store\/index.php\/wp-json\/wp\/v2\/types\/product"}],"wp:featuredmedia":[{"embeddable":true,"href":"https:\/\/mvision.store\/index.php\/wp-json\/wp\/v2\/media\/2786"}],"wp:attachment":[{"href":"https:\/\/mvision.store\/index.php\/wp-json\/wp\/v2\/media?parent=2785"}],"wp:term":[{"taxonomy":"product_cat","embeddable":true,"href":"https:\/\/mvision.store\/index.php\/wp-json\/wp\/v2\/product_cat?post=2785"},{"taxonomy":"product_tag","embeddable":true,"href":"https:\/\/mvision.store\/index.php\/wp-json\/wp\/v2\/product_tag?post=2785"}],"curies":[{"name":"wp","href":"https:\/\/api.w.org\/{rel}","templated":true}]}}