{"id":3025,"date":"2024-09-02T11:02:21","date_gmt":"2024-09-02T10:02:21","guid":{"rendered":"https:\/\/mvision.store\/?post_type=product&#038;p=3025"},"modified":"2026-01-30T10:40:58","modified_gmt":"2026-01-30T10:40:58","slug":"dh-ipc-hdw2531t-as-s2-5mp-lite-ir-fixed-focal-eyeball-network-camera","status":"publish","type":"product","link":"https:\/\/mvision.store\/index.php\/product\/dh-ipc-hdw2531t-as-s2-5mp-lite-ir-fixed-focal-eyeball-network-camera\/","title":{"rendered":"DH-IPC-HDW2531T-AS-S2 5MP Lite IR Fixed-focal Eyeball Network Camera"},"content":{"rendered":"<p>Technical Specification<br \/>\nCamera<br \/>\nImage Sensor 1\/2.7\u201d 5Megapixel progressive CMOS<br \/>\nEffective Pixels 2592 (H) \u00d7 1944 (V)<br \/>\nROM 128 MB<br \/>\nRAM 256 MB<br \/>\nScanning System Progressive<br \/>\nElectronic Shutter Speed Auto\/Manual 1\/3 s\u20131\/100000 s<br \/>\nMin. Illumination 0.008 Lux @ F1.6<br \/>\nIR Distance 30 m (98.43 ft)<br \/>\nIR On\/Off Control Auto\/Manual<br \/>\nIR LEDs Number 2<br \/>\nPan\/Tilt\/Rotation Range<br \/>\nPan: 0\u00b0\u2013360\u00b0<br \/>\nTilt: 0\u00b0\u201378\u00b0<br \/>\nRotation: 0\u00b0\u2013360\u00b0<br \/>\nLens<br \/>\nLens Type Fixed<br \/>\nMount Type M12<br \/>\nFocal Length 2.8 mm<br \/>\n3.6 mm<br \/>\nMax. Aperture F1.6<br \/>\nF1.6<br \/>\nField of View<br \/>\n2.8 mm:<br \/>\nPan: 103.0\u00b0<br \/>\nTilt: 71.0\u00b0<br \/>\nDiagonal: 132.0\u00b0<br \/>\n3.6 mm:<br \/>\nPan: 84.0\u00b0<br \/>\nTilt: 58.0\u00b0<br \/>\nDiagonal: 110.0\u00b0<br \/>\nIris Type Fixed aperture<br \/>\nClose Focus Distance 2.8 mm: 0.9 m (2.95 ft)<br \/>\n3.6 mm: 1.6 m (3.61 ft)<br \/>\nDORI<br \/>\nDistance<br \/>\nLens Detect Observe Recognize Identify<br \/>\n2.8 mm 56 m<br \/>\n(183.73 ft)<br \/>\n22.4 m<br \/>\n(73.49 ft)<br \/>\n11.2 m<br \/>\n(36.75 ft)<br \/>\n5.6 m<br \/>\n(18.37 ft)<br \/>\n3.6 mm 80 m<br \/>\n(262.47 ft)<br \/>\n32.0 m<br \/>\n(104.99 ft)<br \/>\n16.0 m<br \/>\n(52.49 ft)<br \/>\n8.0 m<br \/>\n(26.25 ft)<br \/>\nSmart event<br \/>\nGeneral IVS Analytics Tripwire; intrusion<br \/>\nVideo<br \/>\nVideo Compression H.265; H.264; H.264B; MJPEG<br \/>\nSmart Codec Yes<br \/>\nVideo Frame Rate<br \/>\nMain stream:<br \/>\n2592 \u00d7 1944 (1 fps-20 fps)<br \/>\n2688 \u00d7 1520 (1 fps-25\/30 fps)<br \/>\nSub stream:<br \/>\n704 \u00d7 576 (1 fps-25 fps)<br \/>\n704 \u00d7 480 (1 fps-30 fps)<br \/>\nwww.dahuasecurity.com<br \/>\nStream Capability 2 streams<br \/>\nResolution<br \/>\n2592\u00d71944(2592\u00d71944); 2688\u00d71520(2688\u00d71520);<br \/>\n3M(2048\u00d71536); 2304\u00d71296(2304\u00d71296);<br \/>\n1080p(1920\u00d71080); 1.3M (1280 \u00d7 960);<br \/>\n720p(1280\u00d7720); D1(704\u00d7 576\/704\u00d7480);<br \/>\nVGA(640\u00d7480); CIF(352\u00d7288\/352\u00d7240)<br \/>\nBit Rate Control CBR\/VBR<br \/>\nVideo Bit Rate H.264: 32 Kbps\u20138192 Kbps<br \/>\nH.265: 12 Kbps\u20138192 Kbps<br \/>\nDay\/Night Auto(ICR)\/Color\/B\/W<br \/>\nBLC Yes<br \/>\nHLC Yes<br \/>\nWDR 120 dB<br \/>\nWhite Balance Auto\/natural\/street lamp\/outdoor\/manual\/regional<br \/>\ncustom<br \/>\nGain Control Auto\/Manual<br \/>\nNoise Reduction 3D DNR<br \/>\nMotion Detection OFF\/ON (4 areas, rectangular)<br \/>\nRegion of Interest(RoI) Yes (4 areas)<br \/>\nSmart IR Yes<br \/>\nImage Rotation 0\u00b0\/90\u00b0\/180\u00b0\/270\u00b0 (Supports 90\u00b0\/270\u00b0 with 2688 \u00d7 1520<br \/>\nresolution and lower.)<br \/>\nMirror Yes<br \/>\nPrivacy Masking 4 areas<br \/>\nAudio<br \/>\nBuilt-in MIC<br \/>\nAudio Compression G.711A; G.711Mu; G.726; AAC<br \/>\nNetwork<br \/>\nNetwork RJ-45 (10\/100 Base-T)<br \/>\nProtocol<br \/>\nIPv4; IPv6; HTTP; HTTPS; TCP; UDP; ARP; RTP ; RTSP;<br \/>\nRTCP; RTMP; SMTP; FTP; SFTP; DHCP; DNS; DDNS;<br \/>\nQoS; UPnP; NTP; Multicast; ICMP; IGMP; NFS; PPPoE;<br \/>\n802.1x; Bonjour<br \/>\nInteroperability ONVIF(Profile S\/Profile G\/Profile T);CGI; P2P;<br \/>\nMilestone; Genetec<br \/>\nUser\/Host 20<br \/>\nEdge Storage Dahua Cloud; FTP; SFTP; Micro SD Card (support max.<br \/>\n256 GB); NAS<br \/>\nBrowser<br \/>\nIE<br \/>\nChrome<br \/>\nFirefox<br \/>\nManagement Software Smart PSS; DSS; DMSS<br \/>\nMobile Phone IOS; Android<br \/>\nCertification<br \/>\nCertifications<br \/>\nCE-LVD: EN60950-1<br \/>\nCE-EMC: Electromagnetic Compatibility Directive<br \/>\n2014\/30\/EU<br \/>\nFCC: 47 CFR FCC Part 15, Subpart B<br \/>\nUL\/CUL: UL60950-1 CAN\/CSA C22.2 No.60950-1-07<br \/>\nNo<br \/>\nLite Series | DH-IPC-HDW2531T-AS-S2<br \/>\nPower<br \/>\nPower Supply 12V DC\/PoE (802.3af)<br \/>\nPower Consumption &lt; 7.2W<br \/>\nEnvironment<br \/>\nOperating Conditions -40\u00b0C to +60\u00b0C (-40\u00b0F to +140\u00b0F)\/less than \u2264 95%<br \/>\nStorage Temperature -40\u00b0C to +60\u00b0C (-40\u00b0F to +140\u00b0F)<br \/>\nProtection IP67<br \/>\nStructure<br \/>\nCasing Metal + Plastic<br \/>\nDimensions 100.9 mm \u00d7 \u03a6109.9 mm (3.97&#8243; \u00d7 \u03a64.33&#8243;)<br \/>\nNet Weight 0.39 kg (0.9 lb)<br \/>\nGross Weight 0.56 kg (1.2 lb)<\/p>\n<p>Ordering Information<br \/>\nType Part Number Description<br \/>\n5MP Camera<br \/>\nDH-IPCHDW2531TP-AS-S2<br \/>\n5MP Lite IR Fixed-focal Eyeball Network<br \/>\nCamera,PAL<br \/>\nDH-IPCHDW2531TN-AS-S2<br \/>\n5MP Lite IR Fixed-focal Eyeball Network<br \/>\nCamera, NTSC<br \/>\nAccessories<br \/>\n(optional)<br \/>\nPFA130-E Junction Box<br \/>\nPFB203W Wall Mount<br \/>\nPFA152-E Pole Mount<br \/>\nPFM321D DC12V1A Power Adapter<br \/>\nLR1002-1ET\/1EC Single-port Long Reach Ethernet over Coax<br \/>\nExtender<br \/>\nPFM900-E Integrated Mount Tester<br \/>\nPFM114 TLC SD Card<br \/>\nJunction Mount Wall Mount<br \/>\nPFB203W PFA152-E+PFB203W<br \/>\nPole Mount<br \/>\nPFA130-E<br \/>\nPFM114<br \/>\nTLC SD Card<br \/>\nDimensions (mm[inch])<br \/>\nwww.dahuasecurity.com<br \/>\nRev 001.001 \u00a9 2019 Dahua. All rights reserved. Design and specifications are subject to change without notice.<br \/>\nPictures in the document are for reference only, and the actual product shall prevail.<\/p>\n","protected":false},"excerpt":{"rendered":"<p>\u00b7 5MP, 1\/2.7\u201d CMOS image sensor, low illuminance, high image definition<br \/>\n\u00b7 Outputs 2688\u00d71520 (2688\u00d71520) @ 25\/30 fps, and supports max. 5MP<br \/>\n(2592\u00d71944) @ 20 fps<br \/>\n\u00b7 H.265 codec, high compression rate, ultra-low bit rate<br \/>\n\u00b7 Built-in IR LED, max IR distance: 30 m<br \/>\n\u00b7 ROI, SMART H.264\/H.265, flexible coding, applicable to various<br \/>\nbandwidth and storage environments<br \/>\n\u00b7 Rotation mode, WDR, 3D DNR, HLC, BLC, digital watermarking,<br \/>\napplicable to various monitoring scenes<br \/>\n\u00b7 Intelligent detection: Intrusion, tripwire<br \/>\n\u00b7 Abnormality detection: Motion detection, video tampering, no SD card,<br \/>\nSD card full, SD card error, network disconnected, IP conflict, illegal<br \/>\naccess, voltage detection<br \/>\n\u00b7 Supports max. 256 GB Micro SD card<br \/>\n\u00b7 12V DC\/PoE power support<br \/>\n\u00b7 IP67 protection<\/p>\n","protected":false},"featured_media":3026,"template":"","meta":[],"product_cat":[82],"product_tag":[],"_links":{"self":[{"href":"https:\/\/mvision.store\/index.php\/wp-json\/wp\/v2\/product\/3025"}],"collection":[{"href":"https:\/\/mvision.store\/index.php\/wp-json\/wp\/v2\/product"}],"about":[{"href":"https:\/\/mvision.store\/index.php\/wp-json\/wp\/v2\/types\/product"}],"wp:featuredmedia":[{"embeddable":true,"href":"https:\/\/mvision.store\/index.php\/wp-json\/wp\/v2\/media\/3026"}],"wp:attachment":[{"href":"https:\/\/mvision.store\/index.php\/wp-json\/wp\/v2\/media?parent=3025"}],"wp:term":[{"taxonomy":"product_cat","embeddable":true,"href":"https:\/\/mvision.store\/index.php\/wp-json\/wp\/v2\/product_cat?post=3025"},{"taxonomy":"product_tag","embeddable":true,"href":"https:\/\/mvision.store\/index.php\/wp-json\/wp\/v2\/product_tag?post=3025"}],"curies":[{"name":"wp","href":"https:\/\/api.w.org\/{rel}","templated":true}]}}